{"id":4898,"date":"2021-12-01T10:00:31","date_gmt":"2021-11-30T09:12:31","guid":{"rendered":"https:\/\/www.brighigroup.com\/macchina\/hl-500\/"},"modified":"2022-09-29T12:39:46","modified_gmt":"2022-09-29T10:39:46","slug":"hl-500","status":"publish","type":"product","link":"https:\/\/www.brighigroup.com\/de\/maschine\/hl-500\/","title":{"rendered":"HL-500"},"content":{"rendered":"<h2><strong>FASERBALLENLADER<\/strong><\/h2>\n<p>Robuster <strong>Lader f\u00fcr gepresste Faserballen<\/strong>. Das Ladeband kann <strong>1 Ballen in Standardgr\u00f6\u00dfe<\/strong> aufnehmen und erm\u00f6glicht eine konstante Beschickung der nachgeschalteten Maschinen. Das horizontale Band sorgt f\u00fcr einen kontinuierlichen und gleichm\u00e4\u00dfigen Vorschub des Materials in Richtung des geneigten Stachelbandes, das den Ballen zerkratzt und die Faserb\u00fcschel in den Trichter zur Beschickung der n\u00e4chsten Maschine bef\u00f6rdert.<\/p>\n<p>Der Faserballenlader kann an einen <a href=\"https:\/\/www.brighigroup.com\/de\/maschine\/of-550\/\">OF-550<\/a> Faser\u00f6ffner angeschlossen werden.<\/p>\n<p><strong>WAS GELADEN WERDEN KANN<\/strong><\/p>\n<p>Mit Polyesterfasern und Mikrofasern gepresste Ballen, ungebraucht oder recycelt, hohl, konjugiert, trocken, silikonisiert<\/p>\n<p><strong>HAUPTEIGENSCHAFTEN <\/strong><\/p>\n<ul>\n<li><strong>Elektronische Steuerung<\/strong>: \u00dcber den Touchscreen an der Maschine k\u00f6nnen die Geschwindigkeit und die Vorschubparameter der B\u00e4nder gesteuert und die Maschinenleistung entsprechend angepasst werden.<\/li>\n<li><strong>Flexibilit\u00e4t:<\/strong> breite Palette von Fasern, die von der Maschine verwaltet werden, ohne dass mechanische Einstellungen erforderlich sind.<\/li>\n<li><strong>Kein Bediener<\/strong> nach dem Laden der Ballen erforderlich &#8211; Schnelle Ballenweiterleitung an das Schr\u00e4gband f\u00fcr Non-Stop-Betrieb.<\/li>\n<li><strong>Einfache Reinigung<\/strong>: Bei einem Materialwechsel kann das horizontale Band manuell in die entgegengesetzte Richtung bewegt werden, um die Reinigung zu erleichtern und die Beseitigung von Materialresten zu beschleunigen.<\/li>\n<li id=\"gtx-trans\" style=\"position: absolute; left: -5px; top: -4.08594px;\">\n<div class=\"gtx-trans-icon\"><\/div>\n<\/li>\n<\/ul>\n","protected":false},"excerpt":{"rendered":"<h6><strong>FASERBALLENLADER<\/strong><\/h6>\n","protected":false},"featured_media":4510,"template":"","meta":{"_acf_changed":false},"product_cat":[84,86,89,87,85,88,115],"product_tag":[306],"class_list":{"0":"post-4898","1":"product","2":"type-product","3":"status-publish","4":"has-post-thumbnail","6":"product_cat-geblase-kissenlinie","7":"product_cat-linie-der-zierkissen-mit-reissverschluss-und-outdoor-kissen","8":"product_cat-llinie-fuellung-tierebetten-plueschtieren-gepolsterten-gegenstaenden","9":"product_cat-produktionslinie-fuer-sofas-und-polsterungen","10":"product_cat-rohstoffaufbereitungs","11":"product_cat-rohstoffaufbereitungs-und-schrottrecyclinganlage","12":"product_cat-steppdecken-linie","13":"product_tag-geblasene-kissen-und-polster","15":"first","16":"instock","17":"shipping-taxable","18":"product-type-simple"},"acf":[],"yoast_head":"<!-- This site is optimized with the Yoast SEO plugin v24.2 - https:\/\/yoast.com\/wordpress\/plugins\/seo\/ -->\n<title>FASERBALLENLADER HL-500 - Brighi Group<\/title>\n<meta name=\"description\" content=\"Robuster Lader f\u00fcr komprimierte Ballen aus Polyesterfaser und Mikrofaser, neu oder recycelt, hohl, konjugiert, trocken, silikonisiert.\" \/>\n<meta name=\"robots\" content=\"index, follow, max-snippet:-1, max-image-preview:large, max-video-preview:-1\" \/>\n<link rel=\"canonical\" href=\"https:\/\/www.brighigroup.com\/de\/maschine\/hl-500\/\" \/>\n<meta property=\"og:locale\" content=\"de_DE\" \/>\n<meta property=\"og:type\" content=\"article\" \/>\n<meta property=\"og:title\" content=\"FASERBALLENLADER HL-500 - Brighi Group\" \/>\n<meta property=\"og:description\" content=\"Robuster Lader f\u00fcr komprimierte Ballen aus Polyesterfaser und Mikrofaser, neu oder recycelt, hohl, konjugiert, trocken, silikonisiert.\" \/>\n<meta property=\"og:url\" content=\"https:\/\/www.brighigroup.com\/de\/maschine\/hl-500\/\" \/>\n<meta property=\"og:site_name\" content=\"Brighi Group\" \/>\n<meta property=\"article:modified_time\" content=\"2022-09-29T10:39:46+00:00\" \/>\n<meta property=\"og:image\" content=\"https:\/\/www.brighigroup.com\/wp-content\/uploads\/2021\/11\/HL-500.jpg\" \/>\n\t<meta property=\"og:image:width\" content=\"1920\" \/>\n\t<meta property=\"og:image:height\" content=\"1280\" \/>\n\t<meta property=\"og:image:type\" content=\"image\/jpeg\" \/>\n<meta name=\"twitter:card\" content=\"summary_large_image\" \/>\n<meta name=\"twitter:label1\" content=\"Gesch\u00e4tzte Lesezeit\" \/>\n\t<meta name=\"twitter:data1\" content=\"1\u00a0Minute\" \/>\n<script type=\"application\/ld+json\" class=\"yoast-schema-graph\">{\"@context\":\"https:\/\/schema.org\",\"@graph\":[{\"@type\":\"WebPage\",\"@id\":\"https:\/\/www.brighigroup.com\/de\/maschine\/hl-500\/\",\"url\":\"https:\/\/www.brighigroup.com\/de\/maschine\/hl-500\/\",\"name\":\"FASERBALLENLADER HL-500 - Brighi Group\",\"isPartOf\":{\"@id\":\"https:\/\/www.brighigroup.com\/de\/#website\"},\"primaryImageOfPage\":{\"@id\":\"https:\/\/www.brighigroup.com\/de\/maschine\/hl-500\/#primaryimage\"},\"image\":{\"@id\":\"https:\/\/www.brighigroup.com\/de\/maschine\/hl-500\/#primaryimage\"},\"thumbnailUrl\":\"https:\/\/www.brighigroup.com\/wp-content\/uploads\/2021\/11\/HL-500.jpg\",\"datePublished\":\"2021-11-30T09:12:31+00:00\",\"dateModified\":\"2022-09-29T10:39:46+00:00\",\"description\":\"Robuster Lader f\u00fcr komprimierte Ballen aus Polyesterfaser und Mikrofaser, neu oder recycelt, hohl, konjugiert, trocken, silikonisiert.\",\"breadcrumb\":{\"@id\":\"https:\/\/www.brighigroup.com\/de\/maschine\/hl-500\/#breadcrumb\"},\"inLanguage\":\"de\",\"potentialAction\":[{\"@type\":\"ReadAction\",\"target\":[\"https:\/\/www.brighigroup.com\/de\/maschine\/hl-500\/\"]}]},{\"@type\":\"ImageObject\",\"inLanguage\":\"de\",\"@id\":\"https:\/\/www.brighigroup.com\/de\/maschine\/hl-500\/#primaryimage\",\"url\":\"https:\/\/www.brighigroup.com\/wp-content\/uploads\/2021\/11\/HL-500.jpg\",\"contentUrl\":\"https:\/\/www.brighigroup.com\/wp-content\/uploads\/2021\/11\/HL-500.jpg\",\"width\":1920,\"height\":1280},{\"@type\":\"BreadcrumbList\",\"@id\":\"https:\/\/www.brighigroup.com\/de\/maschine\/hl-500\/#breadcrumb\",\"itemListElement\":[{\"@type\":\"ListItem\",\"position\":1,\"name\":\"Home\",\"item\":\"https:\/\/www.brighigroup.com\/de\/home-2\/\"},{\"@type\":\"ListItem\",\"position\":2,\"name\":\"Maschinen\",\"item\":\"https:\/\/www.brighigroup.com\/de\/maschinen\/\"},{\"@type\":\"ListItem\",\"position\":3,\"name\":\"HL-500\"}]},{\"@type\":\"WebSite\",\"@id\":\"https:\/\/www.brighigroup.com\/de\/#website\",\"url\":\"https:\/\/www.brighigroup.com\/de\/\",\"name\":\"Brighi Group\",\"description\":\"Home textile e di prodotti imbottiti per il design d&#039;arredo tramandando l&#039;innovazione come cultura d&#039;impresa.\",\"potentialAction\":[{\"@type\":\"SearchAction\",\"target\":{\"@type\":\"EntryPoint\",\"urlTemplate\":\"https:\/\/www.brighigroup.com\/de\/?s={search_term_string}\"},\"query-input\":{\"@type\":\"PropertyValueSpecification\",\"valueRequired\":true,\"valueName\":\"search_term_string\"}}],\"inLanguage\":\"de\"}]}<\/script>\n<!-- \/ Yoast SEO plugin. -->","yoast_head_json":{"title":"FASERBALLENLADER HL-500 - Brighi Group","description":"Robuster Lader f\u00fcr komprimierte Ballen aus Polyesterfaser und Mikrofaser, neu oder recycelt, hohl, konjugiert, trocken, silikonisiert.","robots":{"index":"index","follow":"follow","max-snippet":"max-snippet:-1","max-image-preview":"max-image-preview:large","max-video-preview":"max-video-preview:-1"},"canonical":"https:\/\/www.brighigroup.com\/de\/maschine\/hl-500\/","og_locale":"de_DE","og_type":"article","og_title":"FASERBALLENLADER HL-500 - Brighi Group","og_description":"Robuster Lader f\u00fcr komprimierte Ballen aus Polyesterfaser und Mikrofaser, neu oder recycelt, hohl, konjugiert, trocken, silikonisiert.","og_url":"https:\/\/www.brighigroup.com\/de\/maschine\/hl-500\/","og_site_name":"Brighi Group","article_modified_time":"2022-09-29T10:39:46+00:00","og_image":[{"width":1920,"height":1280,"url":"https:\/\/www.brighigroup.com\/wp-content\/uploads\/2021\/11\/HL-500.jpg","type":"image\/jpeg"}],"twitter_card":"summary_large_image","twitter_misc":{"Gesch\u00e4tzte Lesezeit":"1\u00a0Minute"},"schema":{"@context":"https:\/\/schema.org","@graph":[{"@type":"WebPage","@id":"https:\/\/www.brighigroup.com\/de\/maschine\/hl-500\/","url":"https:\/\/www.brighigroup.com\/de\/maschine\/hl-500\/","name":"FASERBALLENLADER HL-500 - Brighi Group","isPartOf":{"@id":"https:\/\/www.brighigroup.com\/de\/#website"},"primaryImageOfPage":{"@id":"https:\/\/www.brighigroup.com\/de\/maschine\/hl-500\/#primaryimage"},"image":{"@id":"https:\/\/www.brighigroup.com\/de\/maschine\/hl-500\/#primaryimage"},"thumbnailUrl":"https:\/\/www.brighigroup.com\/wp-content\/uploads\/2021\/11\/HL-500.jpg","datePublished":"2021-11-30T09:12:31+00:00","dateModified":"2022-09-29T10:39:46+00:00","description":"Robuster Lader f\u00fcr komprimierte Ballen aus Polyesterfaser und Mikrofaser, neu oder recycelt, hohl, konjugiert, trocken, silikonisiert.","breadcrumb":{"@id":"https:\/\/www.brighigroup.com\/de\/maschine\/hl-500\/#breadcrumb"},"inLanguage":"de","potentialAction":[{"@type":"ReadAction","target":["https:\/\/www.brighigroup.com\/de\/maschine\/hl-500\/"]}]},{"@type":"ImageObject","inLanguage":"de","@id":"https:\/\/www.brighigroup.com\/de\/maschine\/hl-500\/#primaryimage","url":"https:\/\/www.brighigroup.com\/wp-content\/uploads\/2021\/11\/HL-500.jpg","contentUrl":"https:\/\/www.brighigroup.com\/wp-content\/uploads\/2021\/11\/HL-500.jpg","width":1920,"height":1280},{"@type":"BreadcrumbList","@id":"https:\/\/www.brighigroup.com\/de\/maschine\/hl-500\/#breadcrumb","itemListElement":[{"@type":"ListItem","position":1,"name":"Home","item":"https:\/\/www.brighigroup.com\/de\/home-2\/"},{"@type":"ListItem","position":2,"name":"Maschinen","item":"https:\/\/www.brighigroup.com\/de\/maschinen\/"},{"@type":"ListItem","position":3,"name":"HL-500"}]},{"@type":"WebSite","@id":"https:\/\/www.brighigroup.com\/de\/#website","url":"https:\/\/www.brighigroup.com\/de\/","name":"Brighi Group","description":"Home textile e di prodotti imbottiti per il design d&#039;arredo tramandando l&#039;innovazione come cultura d&#039;impresa.","potentialAction":[{"@type":"SearchAction","target":{"@type":"EntryPoint","urlTemplate":"https:\/\/www.brighigroup.com\/de\/?s={search_term_string}"},"query-input":{"@type":"PropertyValueSpecification","valueRequired":true,"valueName":"search_term_string"}}],"inLanguage":"de"}]}},"_links":{"self":[{"href":"https:\/\/www.brighigroup.com\/de\/wp-json\/wp\/v2\/product\/4898","targetHints":{"allow":["GET"]}}],"collection":[{"href":"https:\/\/www.brighigroup.com\/de\/wp-json\/wp\/v2\/product"}],"about":[{"href":"https:\/\/www.brighigroup.com\/de\/wp-json\/wp\/v2\/types\/product"}],"wp:featuredmedia":[{"embeddable":true,"href":"https:\/\/www.brighigroup.com\/de\/wp-json\/wp\/v2\/media\/4510"}],"wp:attachment":[{"href":"https:\/\/www.brighigroup.com\/de\/wp-json\/wp\/v2\/media?parent=4898"}],"wp:term":[{"taxonomy":"product_cat","embeddable":true,"href":"https:\/\/www.brighigroup.com\/de\/wp-json\/wp\/v2\/product_cat?post=4898"},{"taxonomy":"product_tag","embeddable":true,"href":"https:\/\/www.brighigroup.com\/de\/wp-json\/wp\/v2\/product_tag?post=4898"}],"curies":[{"name":"wp","href":"https:\/\/api.w.org\/{rel}","templated":true}]}}