{"id":4752,"date":"2021-12-01T09:00:29","date_gmt":"2021-11-30T09:13:29","guid":{"rendered":"https:\/\/www.brighigroup.com\/macchina\/hl-400\/"},"modified":"2022-09-29T12:33:44","modified_gmt":"2022-09-29T10:33:44","slug":"hl-400","status":"publish","type":"product","link":"https:\/\/www.brighigroup.com\/de\/maschine\/hl-400\/","title":{"rendered":"HL-400"},"content":{"rendered":"<h2><strong>Lader f\u00fcr S\u00e4cke und Ballen mit Federn und Polyurethansp\u00e4nen<\/strong><\/h2>\n<p>Robuster <strong>Lader f\u00fcr S\u00e4cke und Ballen mit Federn und Polyurethansp\u00e4nen<\/strong>. Das Ladeband kann jeweils <strong>1 Ballen oder Sack<\/strong> aufnehmen, um eine konstante Beschickung zu erm\u00f6glichen. Das horizontale Band sorgt f\u00fcr eine konstante Zufuhr der Federn und Polyurethansp\u00e4ne in den integrierten Trichter, der mit einem <strong>Fl\u00fcgelmischsystem ausgestattet ist, um das Material zu dekompaktieren und zu verdichten<\/strong>. Die 3 Ausl\u00e4sse sorgen f\u00fcr eine gleichm\u00e4\u00dfige Verteilung und effiziente Absaugung des Materials f\u00fcr die nachgeschalteten Maschinen.<\/p>\n<p><strong>WAS GELADEN WERDEN KANN<\/strong><\/p>\n<p>Feders\u00e4cke \/ gepresste Ballen Polyurethan Sp\u00e4ne<\/p>\n<p><strong>HAUPTEIGENSCHAFTEN <\/strong><\/p>\n<ul>\n<li><strong>Elektronische Steuerung<\/strong>: \u00dcber den Touchscreen an Bord der Maschine kann die Geschwindigkeit der B\u00e4nder und der Paletten gesteuert und der D\u00e4mpfer eingestellt werden, der die Menge des in den Trichter fallenden Materials begrenzt.<\/li>\n<li><strong>Flexibilit\u00e4t:<\/strong> Beladen und Verarbeiten verschiedener Materialien mit der Maschine, ohne dass mechanische Einstellungen erforderlich sind. Kann von der Heckt\u00fcr oder von oben beladen werden.<\/li>\n<li><strong>Kein Bediener<\/strong> ist nach dem Laden des Ballens oder Sacks erforderlich &#8211; Schnelle Ballen-\/Sackzuf\u00fchrungsfunktion zum Schr\u00e4gband f\u00fcr Non-Stopp-Betrieb.<\/li>\n<li><strong>Einfache Reinigung<\/strong>: Bei einem Materialwechsel kann das horizontale Band manuell in die entgegengesetzte Richtung bewegt werden, um die Reinigung zu erleichtern und die Beseitigung von Materialresten zu beschleunigen.<\/li>\n<li id=\"gtx-trans\" style=\"position: absolute; left: -11px; top: -4.08594px;\">\n<div class=\"gtx-trans-icon\"><\/div>\n<\/li>\n<\/ul>\n","protected":false},"excerpt":{"rendered":"<h6>Lader f\u00fcr S\u00e4cke und Ballen mit Federn und Polyurethansp\u00e4nen<\/h6>\n<div id=\"gtx-trans\" style=\"position: absolute; left: -30px; top: -1.52344px;\">\n<div class=\"gtx-trans-icon\"><\/div>\n<\/div>\n","protected":false},"featured_media":4509,"template":"","meta":{"_acf_changed":false},"product_cat":[84,86,89,87,85,88],"product_tag":[306],"class_list":{"0":"post-4752","1":"product","2":"type-product","3":"status-publish","4":"has-post-thumbnail","6":"product_cat-geblase-kissenlinie","7":"product_cat-linie-der-zierkissen-mit-reissverschluss-und-outdoor-kissen","8":"product_cat-llinie-fuellung-tierebetten-plueschtieren-gepolsterten-gegenstaenden","9":"product_cat-produktionslinie-fuer-sofas-und-polsterungen","10":"product_cat-rohstoffaufbereitungs","11":"product_cat-rohstoffaufbereitungs-und-schrottrecyclinganlage","12":"product_tag-geblasene-kissen-und-polster","14":"first","15":"instock","16":"shipping-taxable","17":"product-type-simple"},"acf":[],"yoast_head":"<!-- This site is optimized with the Yoast SEO plugin v24.2 - https:\/\/yoast.com\/wordpress\/plugins\/seo\/ -->\n<title>Lader f\u00fcr S\u00e4cke und Ballen mit Federn und Polyurethansp\u00e4nen HL-400 - Brighi Group<\/title>\n<meta name=\"description\" content=\"Robuster Lader mit elektronischer Verwaltung f\u00fcr gro\u00dfe Daunens\u00e4cke und komprimierte Daunenballen und Polyurethan-Spanplatten.\" \/>\n<meta name=\"robots\" content=\"index, follow, max-snippet:-1, max-image-preview:large, max-video-preview:-1\" \/>\n<link rel=\"canonical\" href=\"https:\/\/www.brighigroup.com\/de\/maschine\/hl-400\/\" \/>\n<meta property=\"og:locale\" content=\"de_DE\" \/>\n<meta property=\"og:type\" content=\"article\" \/>\n<meta property=\"og:title\" content=\"Lader f\u00fcr S\u00e4cke und Ballen mit Federn und Polyurethansp\u00e4nen HL-400 - Brighi Group\" \/>\n<meta property=\"og:description\" content=\"Robuster Lader mit elektronischer Verwaltung f\u00fcr gro\u00dfe Daunens\u00e4cke und komprimierte Daunenballen und Polyurethan-Spanplatten.\" \/>\n<meta property=\"og:url\" content=\"https:\/\/www.brighigroup.com\/de\/maschine\/hl-400\/\" \/>\n<meta property=\"og:site_name\" content=\"Brighi Group\" \/>\n<meta property=\"article:modified_time\" content=\"2022-09-29T10:33:44+00:00\" \/>\n<meta property=\"og:image\" content=\"https:\/\/www.brighigroup.com\/wp-content\/uploads\/2021\/11\/HL-400.jpg\" \/>\n\t<meta property=\"og:image:width\" content=\"1920\" \/>\n\t<meta property=\"og:image:height\" content=\"1280\" \/>\n\t<meta property=\"og:image:type\" content=\"image\/jpeg\" \/>\n<meta name=\"twitter:card\" content=\"summary_large_image\" \/>\n<meta name=\"twitter:label1\" content=\"Gesch\u00e4tzte Lesezeit\" \/>\n\t<meta name=\"twitter:data1\" content=\"1\u00a0Minute\" \/>\n<script type=\"application\/ld+json\" class=\"yoast-schema-graph\">{\"@context\":\"https:\/\/schema.org\",\"@graph\":[{\"@type\":\"WebPage\",\"@id\":\"https:\/\/www.brighigroup.com\/de\/maschine\/hl-400\/\",\"url\":\"https:\/\/www.brighigroup.com\/de\/maschine\/hl-400\/\",\"name\":\"Lader f\u00fcr S\u00e4cke und Ballen mit Federn und Polyurethansp\u00e4nen HL-400 - Brighi Group\",\"isPartOf\":{\"@id\":\"https:\/\/www.brighigroup.com\/de\/#website\"},\"primaryImageOfPage\":{\"@id\":\"https:\/\/www.brighigroup.com\/de\/maschine\/hl-400\/#primaryimage\"},\"image\":{\"@id\":\"https:\/\/www.brighigroup.com\/de\/maschine\/hl-400\/#primaryimage\"},\"thumbnailUrl\":\"https:\/\/www.brighigroup.com\/wp-content\/uploads\/2021\/11\/HL-400.jpg\",\"datePublished\":\"2021-11-30T09:13:29+00:00\",\"dateModified\":\"2022-09-29T10:33:44+00:00\",\"description\":\"Robuster Lader mit elektronischer Verwaltung f\u00fcr gro\u00dfe Daunens\u00e4cke und komprimierte Daunenballen und Polyurethan-Spanplatten.\",\"breadcrumb\":{\"@id\":\"https:\/\/www.brighigroup.com\/de\/maschine\/hl-400\/#breadcrumb\"},\"inLanguage\":\"de\",\"potentialAction\":[{\"@type\":\"ReadAction\",\"target\":[\"https:\/\/www.brighigroup.com\/de\/maschine\/hl-400\/\"]}]},{\"@type\":\"ImageObject\",\"inLanguage\":\"de\",\"@id\":\"https:\/\/www.brighigroup.com\/de\/maschine\/hl-400\/#primaryimage\",\"url\":\"https:\/\/www.brighigroup.com\/wp-content\/uploads\/2021\/11\/HL-400.jpg\",\"contentUrl\":\"https:\/\/www.brighigroup.com\/wp-content\/uploads\/2021\/11\/HL-400.jpg\",\"width\":1920,\"height\":1280},{\"@type\":\"BreadcrumbList\",\"@id\":\"https:\/\/www.brighigroup.com\/de\/maschine\/hl-400\/#breadcrumb\",\"itemListElement\":[{\"@type\":\"ListItem\",\"position\":1,\"name\":\"Home\",\"item\":\"https:\/\/www.brighigroup.com\/de\/home-2\/\"},{\"@type\":\"ListItem\",\"position\":2,\"name\":\"Maschinen\",\"item\":\"https:\/\/www.brighigroup.com\/de\/maschinen\/\"},{\"@type\":\"ListItem\",\"position\":3,\"name\":\"HL-400\"}]},{\"@type\":\"WebSite\",\"@id\":\"https:\/\/www.brighigroup.com\/de\/#website\",\"url\":\"https:\/\/www.brighigroup.com\/de\/\",\"name\":\"Brighi Group\",\"description\":\"Home textile e di prodotti imbottiti per il design d&#039;arredo tramandando l&#039;innovazione come cultura d&#039;impresa.\",\"potentialAction\":[{\"@type\":\"SearchAction\",\"target\":{\"@type\":\"EntryPoint\",\"urlTemplate\":\"https:\/\/www.brighigroup.com\/de\/?s={search_term_string}\"},\"query-input\":{\"@type\":\"PropertyValueSpecification\",\"valueRequired\":true,\"valueName\":\"search_term_string\"}}],\"inLanguage\":\"de\"}]}<\/script>\n<!-- \/ Yoast SEO plugin. -->","yoast_head_json":{"title":"Lader f\u00fcr S\u00e4cke und Ballen mit Federn und Polyurethansp\u00e4nen HL-400 - Brighi Group","description":"Robuster Lader mit elektronischer Verwaltung f\u00fcr gro\u00dfe Daunens\u00e4cke und komprimierte Daunenballen und Polyurethan-Spanplatten.","robots":{"index":"index","follow":"follow","max-snippet":"max-snippet:-1","max-image-preview":"max-image-preview:large","max-video-preview":"max-video-preview:-1"},"canonical":"https:\/\/www.brighigroup.com\/de\/maschine\/hl-400\/","og_locale":"de_DE","og_type":"article","og_title":"Lader f\u00fcr S\u00e4cke und Ballen mit Federn und Polyurethansp\u00e4nen HL-400 - Brighi Group","og_description":"Robuster Lader mit elektronischer Verwaltung f\u00fcr gro\u00dfe Daunens\u00e4cke und komprimierte Daunenballen und Polyurethan-Spanplatten.","og_url":"https:\/\/www.brighigroup.com\/de\/maschine\/hl-400\/","og_site_name":"Brighi Group","article_modified_time":"2022-09-29T10:33:44+00:00","og_image":[{"width":1920,"height":1280,"url":"https:\/\/www.brighigroup.com\/wp-content\/uploads\/2021\/11\/HL-400.jpg","type":"image\/jpeg"}],"twitter_card":"summary_large_image","twitter_misc":{"Gesch\u00e4tzte Lesezeit":"1\u00a0Minute"},"schema":{"@context":"https:\/\/schema.org","@graph":[{"@type":"WebPage","@id":"https:\/\/www.brighigroup.com\/de\/maschine\/hl-400\/","url":"https:\/\/www.brighigroup.com\/de\/maschine\/hl-400\/","name":"Lader f\u00fcr S\u00e4cke und Ballen mit Federn und Polyurethansp\u00e4nen HL-400 - Brighi Group","isPartOf":{"@id":"https:\/\/www.brighigroup.com\/de\/#website"},"primaryImageOfPage":{"@id":"https:\/\/www.brighigroup.com\/de\/maschine\/hl-400\/#primaryimage"},"image":{"@id":"https:\/\/www.brighigroup.com\/de\/maschine\/hl-400\/#primaryimage"},"thumbnailUrl":"https:\/\/www.brighigroup.com\/wp-content\/uploads\/2021\/11\/HL-400.jpg","datePublished":"2021-11-30T09:13:29+00:00","dateModified":"2022-09-29T10:33:44+00:00","description":"Robuster Lader mit elektronischer Verwaltung f\u00fcr gro\u00dfe Daunens\u00e4cke und komprimierte Daunenballen und Polyurethan-Spanplatten.","breadcrumb":{"@id":"https:\/\/www.brighigroup.com\/de\/maschine\/hl-400\/#breadcrumb"},"inLanguage":"de","potentialAction":[{"@type":"ReadAction","target":["https:\/\/www.brighigroup.com\/de\/maschine\/hl-400\/"]}]},{"@type":"ImageObject","inLanguage":"de","@id":"https:\/\/www.brighigroup.com\/de\/maschine\/hl-400\/#primaryimage","url":"https:\/\/www.brighigroup.com\/wp-content\/uploads\/2021\/11\/HL-400.jpg","contentUrl":"https:\/\/www.brighigroup.com\/wp-content\/uploads\/2021\/11\/HL-400.jpg","width":1920,"height":1280},{"@type":"BreadcrumbList","@id":"https:\/\/www.brighigroup.com\/de\/maschine\/hl-400\/#breadcrumb","itemListElement":[{"@type":"ListItem","position":1,"name":"Home","item":"https:\/\/www.brighigroup.com\/de\/home-2\/"},{"@type":"ListItem","position":2,"name":"Maschinen","item":"https:\/\/www.brighigroup.com\/de\/maschinen\/"},{"@type":"ListItem","position":3,"name":"HL-400"}]},{"@type":"WebSite","@id":"https:\/\/www.brighigroup.com\/de\/#website","url":"https:\/\/www.brighigroup.com\/de\/","name":"Brighi Group","description":"Home textile e di prodotti imbottiti per il design d&#039;arredo tramandando l&#039;innovazione come cultura d&#039;impresa.","potentialAction":[{"@type":"SearchAction","target":{"@type":"EntryPoint","urlTemplate":"https:\/\/www.brighigroup.com\/de\/?s={search_term_string}"},"query-input":{"@type":"PropertyValueSpecification","valueRequired":true,"valueName":"search_term_string"}}],"inLanguage":"de"}]}},"_links":{"self":[{"href":"https:\/\/www.brighigroup.com\/de\/wp-json\/wp\/v2\/product\/4752","targetHints":{"allow":["GET"]}}],"collection":[{"href":"https:\/\/www.brighigroup.com\/de\/wp-json\/wp\/v2\/product"}],"about":[{"href":"https:\/\/www.brighigroup.com\/de\/wp-json\/wp\/v2\/types\/product"}],"wp:featuredmedia":[{"embeddable":true,"href":"https:\/\/www.brighigroup.com\/de\/wp-json\/wp\/v2\/media\/4509"}],"wp:attachment":[{"href":"https:\/\/www.brighigroup.com\/de\/wp-json\/wp\/v2\/media?parent=4752"}],"wp:term":[{"taxonomy":"product_cat","embeddable":true,"href":"https:\/\/www.brighigroup.com\/de\/wp-json\/wp\/v2\/product_cat?post=4752"},{"taxonomy":"product_tag","embeddable":true,"href":"https:\/\/www.brighigroup.com\/de\/wp-json\/wp\/v2\/product_tag?post=4752"}],"curies":[{"name":"wp","href":"https:\/\/api.w.org\/{rel}","templated":true}]}}