{"id":12525,"date":"2022-04-02T10:02:04","date_gmt":"2022-04-02T08:02:04","guid":{"rendered":"https:\/\/www.brighigroup.com\/machine\/ef-600\/"},"modified":"2025-09-17T12:38:52","modified_gmt":"2025-09-17T10:38:52","slug":"ef-600","status":"publish","type":"product","link":"https:\/\/www.brighigroup.com\/de\/maschine\/ef-600\/","title":{"rendered":"EF-600"},"content":{"rendered":"<h2><strong>AUTOMATISCHE TEPPICHFALTMASCHINE<\/strong><\/h2>\n<p style=\"text-align: justify\">Die EF-600 ist unsere<strong> automatische Teppichfaltmaschine,<\/strong> die f\u00fcr das Falten von Teppichen verschiedener Gr\u00f6\u00dfen, Formen und Materialien entwickelt wurde. Die Maschine bietet <strong>anpassbare Faltmuster<\/strong>, die einfach \u00fcber den Touchscreen, die Rezeptliste oder automatisch \u00fcber einen Barcode-Leser ausgew\u00e4hlt werden k\u00f6nnen. <strong>Das Barcode-System identifiziert die Art des Teppichs und w\u00e4hlt das entsprechende Faltmuster<\/strong> aus einer aktualisierten Datenbank aus, was Pr\u00e4zision und Effizienz gew\u00e4hrleistet.<\/p>\n<p style=\"text-align: justify\">Die Teppichfaltmaschine kann mit einer <strong>integrierten Abrollfunktion ausgestattet werden<\/strong>, die den Einrichtungsprozess vereinfacht. Nach dem Abrollen wird der flache Teppich in den L\u00e4ngsfaltbereich transportiert, wo ein System von Rechen und Gabeln die ersten Faltungen vornimmt. Nach dieser Phase wird der teilweise gefaltete Teppich zur Breitenfaltstation transportiert, wo der Prozess abgeschlossen wird. Der gefaltete und komprimierte Teppich ist dann bereit <strong>f\u00fcr die Volumen- und Gewichtskontrollstation<\/strong> und kann dann entweder vom Bediener abgeholt oder an eine Verpackungsmaschine mod.<a href=\"https:\/\/www.brighigroup.com\/de\/maschine\/eb-500-easy-bag\/\"> EB-500<\/a> oder <a href=\"https:\/\/www.brighigroup.com\/de\/maschine\/eb-400-easy-bag\/\">EB-400.<\/a><\/p>\n<p style=\"text-align: justify\">Entdecken Sie auch unsere Faltl\u00f6sung f\u00fcr Steppdecken und Federbetten mod. <a href=\"https:\/\/www.brighigroup.com\/de\/maschine\/ef-500-easy-fold\/\">EF-500.<\/a><\/p>\n<p><iframe title=\"Automatic Rug Folding Machine mod. EF-500\" width=\"800\" height=\"450\" src=\"https:\/\/www.youtube-nocookie.com\/embed\/rYS_gtE9VCU?feature=oembed\" frameborder=\"0\" allow=\"accelerometer; autoplay; clipboard-write; encrypted-media; gyroscope; picture-in-picture; web-share\" referrerpolicy=\"strict-origin-when-cross-origin\" allowfullscreen><\/iframe><\/p>\n<p><iframe title=\"Automatic Folding Machine mod. EF-600\" width=\"800\" height=\"450\" src=\"https:\/\/www.youtube-nocookie.com\/embed\/nSmiutUT0ak?feature=oembed\" frameborder=\"0\" allow=\"accelerometer; autoplay; clipboard-write; encrypted-media; gyroscope; picture-in-picture; web-share\" referrerpolicy=\"strict-origin-when-cross-origin\" allowfullscreen><\/iframe><\/p>\n<p><strong>WAS GEFALTET WERDEN KANN<\/strong><\/p>\n<p style=\"text-align: justify\">Teppiche und Teppichb\u00f6den (verschiedene Gr\u00f6\u00dfen und Formen)<\/p>\n<p><strong>HAUPTMERKMALE UNSERER AUTOMATISCHEN TEPPICHFALTMASCHINE<\/strong><\/p>\n<ul>\n<li style=\"text-align: justify\"><strong>Nur ein Bediener <\/strong>greift in den Einrichtungsprozess des Teppichs einPr\u00e4zision beim<\/li>\n<li style=\"text-align: justify\"><strong>Falten f\u00fcr<\/strong> ein qualitativ hochwertiges Endprodukt.<\/li>\n<li style=\"text-align: justify\"><strong>Vielseitigkeit<\/strong>: Sie passt sich an eine Vielzahl von Teppichgr\u00f6\u00dfen, -formen und -materialien an.<\/li>\n<li style=\"text-align: justify\"><strong>Vereinfachte Verwaltung:<\/strong>Touchscreen-Bedienfeld f\u00fcr die automatische Verwaltung aller Parameter und mechanischen Einstellungen, mit Rezeptureingabe und Verwaltung mit den Eigenschaften des Produkts\/Materials<\/li>\n<\/ul>\n<p>&nbsp;<\/p>\n","protected":false},"excerpt":{"rendered":"<h6><strong>Automatische Teppichfaltmaschine<\/strong><\/h6>\n","protected":false},"featured_media":12520,"template":"","meta":{"_acf_changed":false},"product_cat":[107],"product_tag":[322],"class_list":{"0":"post-12525","1":"product","2":"type-product","3":"status-publish","4":"has-post-thumbnail","6":"product_cat-verpackung","7":"product_tag-teppiche","9":"first","10":"instock","11":"shipping-taxable","12":"product-type-simple"},"acf":[],"yoast_head":"<!-- This site is optimized with the Yoast SEO plugin v24.2 - https:\/\/yoast.com\/wordpress\/plugins\/seo\/ -->\n<title>Automatische Teppichfaltmaschine - Brighi Group<\/title>\n<meta name=\"description\" content=\"Die EF-600 ist eine automatische Teppichfaltmaschine, die f\u00fcr Teppiche verschiedener Formen und Materialien entwickelt wurde und individuell gestaltbaren Faltmustern folgt.\" \/>\n<meta name=\"robots\" content=\"index, follow, max-snippet:-1, max-image-preview:large, max-video-preview:-1\" \/>\n<link rel=\"canonical\" href=\"https:\/\/www.brighigroup.com\/de\/maschine\/ef-600\/\" \/>\n<meta property=\"og:locale\" content=\"de_DE\" \/>\n<meta property=\"og:type\" content=\"article\" \/>\n<meta property=\"og:title\" content=\"Automatische Teppichfaltmaschine - Brighi Group\" \/>\n<meta property=\"og:description\" content=\"Die EF-600 ist eine automatische Teppichfaltmaschine, die f\u00fcr Teppiche verschiedener Formen und Materialien entwickelt wurde und individuell gestaltbaren Faltmustern folgt.\" \/>\n<meta property=\"og:url\" content=\"https:\/\/www.brighigroup.com\/de\/maschine\/ef-600\/\" \/>\n<meta property=\"og:site_name\" content=\"Brighi Group\" \/>\n<meta property=\"article:modified_time\" content=\"2025-09-17T10:38:52+00:00\" \/>\n<meta property=\"og:image\" content=\"https:\/\/www.brighigroup.com\/wp-content\/uploads\/2024\/09\/EF-600-compressa.jpg\" \/>\n\t<meta property=\"og:image:width\" content=\"10000\" \/>\n\t<meta property=\"og:image:height\" content=\"7085\" \/>\n\t<meta property=\"og:image:type\" content=\"image\/jpeg\" \/>\n<meta name=\"twitter:card\" content=\"summary_large_image\" \/>\n<meta name=\"twitter:label1\" content=\"Gesch\u00e4tzte Lesezeit\" \/>\n\t<meta name=\"twitter:data1\" content=\"2\u00a0Minuten\" \/>\n<script type=\"application\/ld+json\" class=\"yoast-schema-graph\">{\"@context\":\"https:\/\/schema.org\",\"@graph\":[{\"@type\":\"WebPage\",\"@id\":\"https:\/\/www.brighigroup.com\/de\/maschine\/ef-600\/\",\"url\":\"https:\/\/www.brighigroup.com\/de\/maschine\/ef-600\/\",\"name\":\"Automatische Teppichfaltmaschine - Brighi Group\",\"isPartOf\":{\"@id\":\"https:\/\/www.brighigroup.com\/de\/#website\"},\"primaryImageOfPage\":{\"@id\":\"https:\/\/www.brighigroup.com\/de\/maschine\/ef-600\/#primaryimage\"},\"image\":{\"@id\":\"https:\/\/www.brighigroup.com\/de\/maschine\/ef-600\/#primaryimage\"},\"thumbnailUrl\":\"https:\/\/www.brighigroup.com\/wp-content\/uploads\/2024\/09\/EF-600-compressa.jpg\",\"datePublished\":\"2022-04-02T08:02:04+00:00\",\"dateModified\":\"2025-09-17T10:38:52+00:00\",\"description\":\"Die EF-600 ist eine automatische Teppichfaltmaschine, die f\u00fcr Teppiche verschiedener Formen und Materialien entwickelt wurde und individuell gestaltbaren Faltmustern folgt.\",\"breadcrumb\":{\"@id\":\"https:\/\/www.brighigroup.com\/de\/maschine\/ef-600\/#breadcrumb\"},\"inLanguage\":\"de\",\"potentialAction\":[{\"@type\":\"ReadAction\",\"target\":[\"https:\/\/www.brighigroup.com\/de\/maschine\/ef-600\/\"]}]},{\"@type\":\"ImageObject\",\"inLanguage\":\"de\",\"@id\":\"https:\/\/www.brighigroup.com\/de\/maschine\/ef-600\/#primaryimage\",\"url\":\"https:\/\/www.brighigroup.com\/wp-content\/uploads\/2024\/09\/EF-600-compressa.jpg\",\"contentUrl\":\"https:\/\/www.brighigroup.com\/wp-content\/uploads\/2024\/09\/EF-600-compressa.jpg\",\"width\":10000,\"height\":7085},{\"@type\":\"BreadcrumbList\",\"@id\":\"https:\/\/www.brighigroup.com\/de\/maschine\/ef-600\/#breadcrumb\",\"itemListElement\":[{\"@type\":\"ListItem\",\"position\":1,\"name\":\"Home\",\"item\":\"https:\/\/www.brighigroup.com\/de\/home-2\/\"},{\"@type\":\"ListItem\",\"position\":2,\"name\":\"Maschinen\",\"item\":\"https:\/\/www.brighigroup.com\/de\/maschinen\/\"},{\"@type\":\"ListItem\",\"position\":3,\"name\":\"EF-600\"}]},{\"@type\":\"WebSite\",\"@id\":\"https:\/\/www.brighigroup.com\/de\/#website\",\"url\":\"https:\/\/www.brighigroup.com\/de\/\",\"name\":\"Brighi Group\",\"description\":\"Home textile e di prodotti imbottiti per il design d&#039;arredo tramandando l&#039;innovazione come cultura d&#039;impresa.\",\"potentialAction\":[{\"@type\":\"SearchAction\",\"target\":{\"@type\":\"EntryPoint\",\"urlTemplate\":\"https:\/\/www.brighigroup.com\/de\/?s={search_term_string}\"},\"query-input\":{\"@type\":\"PropertyValueSpecification\",\"valueRequired\":true,\"valueName\":\"search_term_string\"}}],\"inLanguage\":\"de\"}]}<\/script>\n<!-- \/ Yoast SEO plugin. -->","yoast_head_json":{"title":"Automatische Teppichfaltmaschine - Brighi Group","description":"Die EF-600 ist eine automatische Teppichfaltmaschine, die f\u00fcr Teppiche verschiedener Formen und Materialien entwickelt wurde und individuell gestaltbaren Faltmustern folgt.","robots":{"index":"index","follow":"follow","max-snippet":"max-snippet:-1","max-image-preview":"max-image-preview:large","max-video-preview":"max-video-preview:-1"},"canonical":"https:\/\/www.brighigroup.com\/de\/maschine\/ef-600\/","og_locale":"de_DE","og_type":"article","og_title":"Automatische Teppichfaltmaschine - Brighi Group","og_description":"Die EF-600 ist eine automatische Teppichfaltmaschine, die f\u00fcr Teppiche verschiedener Formen und Materialien entwickelt wurde und individuell gestaltbaren Faltmustern folgt.","og_url":"https:\/\/www.brighigroup.com\/de\/maschine\/ef-600\/","og_site_name":"Brighi Group","article_modified_time":"2025-09-17T10:38:52+00:00","og_image":[{"width":10000,"height":7085,"url":"https:\/\/www.brighigroup.com\/wp-content\/uploads\/2024\/09\/EF-600-compressa.jpg","type":"image\/jpeg"}],"twitter_card":"summary_large_image","twitter_misc":{"Gesch\u00e4tzte Lesezeit":"2\u00a0Minuten"},"schema":{"@context":"https:\/\/schema.org","@graph":[{"@type":"WebPage","@id":"https:\/\/www.brighigroup.com\/de\/maschine\/ef-600\/","url":"https:\/\/www.brighigroup.com\/de\/maschine\/ef-600\/","name":"Automatische Teppichfaltmaschine - Brighi Group","isPartOf":{"@id":"https:\/\/www.brighigroup.com\/de\/#website"},"primaryImageOfPage":{"@id":"https:\/\/www.brighigroup.com\/de\/maschine\/ef-600\/#primaryimage"},"image":{"@id":"https:\/\/www.brighigroup.com\/de\/maschine\/ef-600\/#primaryimage"},"thumbnailUrl":"https:\/\/www.brighigroup.com\/wp-content\/uploads\/2024\/09\/EF-600-compressa.jpg","datePublished":"2022-04-02T08:02:04+00:00","dateModified":"2025-09-17T10:38:52+00:00","description":"Die EF-600 ist eine automatische Teppichfaltmaschine, die f\u00fcr Teppiche verschiedener Formen und Materialien entwickelt wurde und individuell gestaltbaren Faltmustern folgt.","breadcrumb":{"@id":"https:\/\/www.brighigroup.com\/de\/maschine\/ef-600\/#breadcrumb"},"inLanguage":"de","potentialAction":[{"@type":"ReadAction","target":["https:\/\/www.brighigroup.com\/de\/maschine\/ef-600\/"]}]},{"@type":"ImageObject","inLanguage":"de","@id":"https:\/\/www.brighigroup.com\/de\/maschine\/ef-600\/#primaryimage","url":"https:\/\/www.brighigroup.com\/wp-content\/uploads\/2024\/09\/EF-600-compressa.jpg","contentUrl":"https:\/\/www.brighigroup.com\/wp-content\/uploads\/2024\/09\/EF-600-compressa.jpg","width":10000,"height":7085},{"@type":"BreadcrumbList","@id":"https:\/\/www.brighigroup.com\/de\/maschine\/ef-600\/#breadcrumb","itemListElement":[{"@type":"ListItem","position":1,"name":"Home","item":"https:\/\/www.brighigroup.com\/de\/home-2\/"},{"@type":"ListItem","position":2,"name":"Maschinen","item":"https:\/\/www.brighigroup.com\/de\/maschinen\/"},{"@type":"ListItem","position":3,"name":"EF-600"}]},{"@type":"WebSite","@id":"https:\/\/www.brighigroup.com\/de\/#website","url":"https:\/\/www.brighigroup.com\/de\/","name":"Brighi Group","description":"Home textile e di prodotti imbottiti per il design d&#039;arredo tramandando l&#039;innovazione come cultura d&#039;impresa.","potentialAction":[{"@type":"SearchAction","target":{"@type":"EntryPoint","urlTemplate":"https:\/\/www.brighigroup.com\/de\/?s={search_term_string}"},"query-input":{"@type":"PropertyValueSpecification","valueRequired":true,"valueName":"search_term_string"}}],"inLanguage":"de"}]}},"_links":{"self":[{"href":"https:\/\/www.brighigroup.com\/de\/wp-json\/wp\/v2\/product\/12525","targetHints":{"allow":["GET"]}}],"collection":[{"href":"https:\/\/www.brighigroup.com\/de\/wp-json\/wp\/v2\/product"}],"about":[{"href":"https:\/\/www.brighigroup.com\/de\/wp-json\/wp\/v2\/types\/product"}],"wp:featuredmedia":[{"embeddable":true,"href":"https:\/\/www.brighigroup.com\/de\/wp-json\/wp\/v2\/media\/12520"}],"wp:attachment":[{"href":"https:\/\/www.brighigroup.com\/de\/wp-json\/wp\/v2\/media?parent=12525"}],"wp:term":[{"taxonomy":"product_cat","embeddable":true,"href":"https:\/\/www.brighigroup.com\/de\/wp-json\/wp\/v2\/product_cat?post=12525"},{"taxonomy":"product_tag","embeddable":true,"href":"https:\/\/www.brighigroup.com\/de\/wp-json\/wp\/v2\/product_tag?post=12525"}],"curies":[{"name":"wp","href":"https:\/\/api.w.org\/{rel}","templated":true}]}}