{"id":12036,"date":"2017-12-25T08:49:47","date_gmt":"2024-06-25T06:54:05","guid":{"rendered":"https:\/\/www.brighigroup.com\/?post_type=product&#038;p=12036"},"modified":"2024-09-05T11:09:49","modified_gmt":"2024-09-05T09:09:49","slug":"nebula","status":"publish","type":"product","link":"https:\/\/www.brighigroup.com\/de\/maschine\/nebula\/","title":{"rendered":"NEBULA"},"content":{"rendered":"<p style=\"text-align: justify;\">AUSF\u00dcHRLICHE BERICHTE F\u00dcR DATENGEST\u00dcTZTE ENTSCHEIDUNGEN<\/p>\n<p style=\"text-align: justify;\"><strong>Was ist Nebula?<\/strong><\/p>\n<p style=\"text-align: justify;\">Nebula ist unsere Software f\u00fcr ausf\u00fchrliche Berichte, mit der Sie Produktions- und Maschinendaten in Echtzeit visualisieren k\u00f6nnen, um eine kontinuierliche \u00dcberwachung und fundierte Entscheidungen zu erm\u00f6glichen.<\/p>\n<p style=\"text-align: justify;\"><strong>Wie funktioniert sie?<\/strong><\/p>\n<p style=\"text-align: justify;\">Nebula <strong>sammelt und verarbeitet Anlagen<\/strong>&#8211; und Produktionsdaten mit beispielloser Genauigkeit und Effizienz, um sie den Endbenutzern zur Verf\u00fcgung zu stellen.<br \/>\nNebula<strong> wurde entwickelt, um kritische Metriken<\/strong> wie Ausfallzeiten, OEE und Produktivit\u00e4t zu verfolgen und liefert Unternehmen wertvolle Informationen zur Optimierung der Leistung. Anpassbare Dashboards, pr\u00e4diktive Analysen und Tools f\u00fcr die Zusammenarbeit erweitern die Plattform und erm\u00f6glichen es den Teams, Muster zu erkennen, Prozesse zu optimieren und schnell auf neue Herausforderungen zu reagieren.<br \/>\nDie von Nebula gesammelten und organisierten Informationen werden auf zwei verschiedenen Ebenen weitergegeben: auf einem Bildschirm im Produktionsbereich, so dass die Bediener alle n\u00fctzlichen Informationen zur Hand haben, und auf der App in Form von ma\u00dfgeschneiderten Berichten, die an Manager gesendet oder mit dem Managementsystem (ERP, MES usw.) geteilt werden.<\/p>\n<p style=\"text-align: justify;\">Mit <strong>KI-gesteuerten Eingabeaufforderungen<\/strong>, die an die Pr\u00e4ferenzen der Benutzer angepasst sind, lernt Nebula kontinuierlich dazu und passt sich an, um die Produktivit\u00e4t und Betriebszeit zu verbessern und gleichzeitig die h\u00f6chsten Sicherheitsstandards f\u00fcr die Datenspeicherung zu gew\u00e4hrleisten.<\/p>\n<p style=\"text-align: justify;\"><strong>Hauptfunktionen:<\/strong><\/p>\n<ul style=\"text-align: justify;\">\n<li>Visualisierung von Produktionsdaten in Echtzeit<\/li>\n<li>\u00dcberpr\u00fcfung von OEE, Betriebszeit und Produktivit\u00e4t<\/li>\n<li>Zugang zur Datenhistorie<\/li>\n<li>Anschlie\u00dfbar an Business Management Systeme<\/li>\n<\/ul>\n<p style=\"text-align: justify;\">\n<p style=\"text-align: justify;\"><strong>Ist Nebula die richtige Wahl f\u00fcr Sie?<\/strong><\/p>\n<p style=\"text-align: justify;\">\u00dcberwachen Sie die Produktion immer noch mit Tabellenkalkulationen?<\/p>\n<p style=\"text-align: justify;\">Haben Sie keine genauen oder brauchbaren Daten?<\/p>\n<p style=\"text-align: justify;\">Haben Sie ein System, aber es ist schwer zu bedienen?<\/p>\n<p style=\"text-align: justify;\"><a href=\"https:\/\/www.brighigroup.com\/de\/brighi-digital-de\/\">Besuchen Sie unsere digitale Seite und entdecken Sie all die innovative Software und L\u00f6sungen, die f\u00fcr Ihren Maschinenpark verf\u00fcgbar sind!<\/a><\/p>\n","protected":false},"excerpt":{"rendered":"<h6>Software f\u00fcr ausf\u00fchrliche Berichte und datengest\u00fctzte fundierte Entscheidungen<\/h6>\n","protected":false},"featured_media":12058,"template":"","meta":{"_acf_changed":false},"product_cat":[108],"product_tag":[306,301,329,318,309,313,326,322],"class_list":{"0":"post-12036","1":"product","2":"type-product","3":"status-publish","4":"has-post-thumbnail","6":"product_cat-management-software","7":"product_tag-geblasene-kissen-und-polster","8":"product_tag-kopfkissen-und-kissen-aus-kardierter-faser","9":"product_tag-produktionsabfall","10":"product_tag-schaum","11":"product_tag-schaumstoff-und-latexkissen","12":"product_tag-sofakissen","13":"product_tag-steppdecken","14":"product_tag-teppiche","16":"first","17":"instock","18":"shipping-taxable","19":"product-type-simple"},"acf":[],"yoast_head":"<!-- This site is optimized with the Yoast SEO plugin v24.2 - https:\/\/yoast.com\/wordpress\/plugins\/seo\/ -->\n<title>NEBULA - Brighi Group<\/title>\n<meta name=\"description\" content=\"Software f\u00fcr ausf\u00fchrliche Berichte zur Entscheidungsfindung auf der Grundlage von Echtzeitdaten (Ausfallzeiten, OEE und Produktivit\u00e4t)\" \/>\n<meta name=\"robots\" content=\"index, follow, max-snippet:-1, max-image-preview:large, max-video-preview:-1\" \/>\n<link rel=\"canonical\" href=\"https:\/\/www.brighigroup.com\/de\/maschine\/nebula\/\" \/>\n<meta property=\"og:locale\" content=\"de_DE\" \/>\n<meta property=\"og:type\" content=\"article\" \/>\n<meta property=\"og:title\" content=\"NEBULA - Brighi Group\" \/>\n<meta property=\"og:description\" content=\"Software f\u00fcr ausf\u00fchrliche Berichte zur Entscheidungsfindung auf der Grundlage von Echtzeitdaten (Ausfallzeiten, OEE und Produktivit\u00e4t)\" \/>\n<meta property=\"og:url\" content=\"https:\/\/www.brighigroup.com\/de\/maschine\/nebula\/\" \/>\n<meta property=\"og:site_name\" content=\"Brighi Group\" \/>\n<meta property=\"article:modified_time\" content=\"2024-09-05T09:09:49+00:00\" \/>\n<meta property=\"og:image\" content=\"https:\/\/www.brighigroup.com\/wp-content\/uploads\/2024\/06\/Nebula.jpg\" \/>\n\t<meta property=\"og:image:width\" content=\"1920\" \/>\n\t<meta property=\"og:image:height\" content=\"1280\" \/>\n\t<meta property=\"og:image:type\" content=\"image\/jpeg\" \/>\n<meta name=\"twitter:card\" content=\"summary_large_image\" \/>\n<meta name=\"twitter:label1\" content=\"Gesch\u00e4tzte Lesezeit\" \/>\n\t<meta name=\"twitter:data1\" content=\"1\u00a0Minute\" \/>\n<script type=\"application\/ld+json\" class=\"yoast-schema-graph\">{\"@context\":\"https:\/\/schema.org\",\"@graph\":[{\"@type\":\"WebPage\",\"@id\":\"https:\/\/www.brighigroup.com\/de\/maschine\/nebula\/\",\"url\":\"https:\/\/www.brighigroup.com\/de\/maschine\/nebula\/\",\"name\":\"NEBULA - Brighi Group\",\"isPartOf\":{\"@id\":\"https:\/\/www.brighigroup.com\/de\/#website\"},\"primaryImageOfPage\":{\"@id\":\"https:\/\/www.brighigroup.com\/de\/maschine\/nebula\/#primaryimage\"},\"image\":{\"@id\":\"https:\/\/www.brighigroup.com\/de\/maschine\/nebula\/#primaryimage\"},\"thumbnailUrl\":\"https:\/\/www.brighigroup.com\/wp-content\/uploads\/2024\/06\/Nebula.jpg\",\"datePublished\":\"2024-06-25T06:54:05+00:00\",\"dateModified\":\"2024-09-05T09:09:49+00:00\",\"description\":\"Software f\u00fcr ausf\u00fchrliche Berichte zur Entscheidungsfindung auf der Grundlage von Echtzeitdaten (Ausfallzeiten, OEE und Produktivit\u00e4t)\",\"breadcrumb\":{\"@id\":\"https:\/\/www.brighigroup.com\/de\/maschine\/nebula\/#breadcrumb\"},\"inLanguage\":\"de\",\"potentialAction\":[{\"@type\":\"ReadAction\",\"target\":[\"https:\/\/www.brighigroup.com\/de\/maschine\/nebula\/\"]}]},{\"@type\":\"ImageObject\",\"inLanguage\":\"de\",\"@id\":\"https:\/\/www.brighigroup.com\/de\/maschine\/nebula\/#primaryimage\",\"url\":\"https:\/\/www.brighigroup.com\/wp-content\/uploads\/2024\/06\/Nebula.jpg\",\"contentUrl\":\"https:\/\/www.brighigroup.com\/wp-content\/uploads\/2024\/06\/Nebula.jpg\",\"width\":1920,\"height\":1280},{\"@type\":\"BreadcrumbList\",\"@id\":\"https:\/\/www.brighigroup.com\/de\/maschine\/nebula\/#breadcrumb\",\"itemListElement\":[{\"@type\":\"ListItem\",\"position\":1,\"name\":\"Home\",\"item\":\"https:\/\/www.brighigroup.com\/de\/home-2\/\"},{\"@type\":\"ListItem\",\"position\":2,\"name\":\"Maschinen\",\"item\":\"https:\/\/www.brighigroup.com\/de\/maschinen\/\"},{\"@type\":\"ListItem\",\"position\":3,\"name\":\"NEBULA\"}]},{\"@type\":\"WebSite\",\"@id\":\"https:\/\/www.brighigroup.com\/de\/#website\",\"url\":\"https:\/\/www.brighigroup.com\/de\/\",\"name\":\"Brighi Group\",\"description\":\"Home textile e di prodotti imbottiti per il design d&#039;arredo tramandando l&#039;innovazione come cultura d&#039;impresa.\",\"potentialAction\":[{\"@type\":\"SearchAction\",\"target\":{\"@type\":\"EntryPoint\",\"urlTemplate\":\"https:\/\/www.brighigroup.com\/de\/?s={search_term_string}\"},\"query-input\":{\"@type\":\"PropertyValueSpecification\",\"valueRequired\":true,\"valueName\":\"search_term_string\"}}],\"inLanguage\":\"de\"}]}<\/script>\n<!-- \/ Yoast SEO plugin. -->","yoast_head_json":{"title":"NEBULA - Brighi Group","description":"Software f\u00fcr ausf\u00fchrliche Berichte zur Entscheidungsfindung auf der Grundlage von Echtzeitdaten (Ausfallzeiten, OEE und Produktivit\u00e4t)","robots":{"index":"index","follow":"follow","max-snippet":"max-snippet:-1","max-image-preview":"max-image-preview:large","max-video-preview":"max-video-preview:-1"},"canonical":"https:\/\/www.brighigroup.com\/de\/maschine\/nebula\/","og_locale":"de_DE","og_type":"article","og_title":"NEBULA - Brighi Group","og_description":"Software f\u00fcr ausf\u00fchrliche Berichte zur Entscheidungsfindung auf der Grundlage von Echtzeitdaten (Ausfallzeiten, OEE und Produktivit\u00e4t)","og_url":"https:\/\/www.brighigroup.com\/de\/maschine\/nebula\/","og_site_name":"Brighi Group","article_modified_time":"2024-09-05T09:09:49+00:00","og_image":[{"width":1920,"height":1280,"url":"https:\/\/www.brighigroup.com\/wp-content\/uploads\/2024\/06\/Nebula.jpg","type":"image\/jpeg"}],"twitter_card":"summary_large_image","twitter_misc":{"Gesch\u00e4tzte Lesezeit":"1\u00a0Minute"},"schema":{"@context":"https:\/\/schema.org","@graph":[{"@type":"WebPage","@id":"https:\/\/www.brighigroup.com\/de\/maschine\/nebula\/","url":"https:\/\/www.brighigroup.com\/de\/maschine\/nebula\/","name":"NEBULA - Brighi Group","isPartOf":{"@id":"https:\/\/www.brighigroup.com\/de\/#website"},"primaryImageOfPage":{"@id":"https:\/\/www.brighigroup.com\/de\/maschine\/nebula\/#primaryimage"},"image":{"@id":"https:\/\/www.brighigroup.com\/de\/maschine\/nebula\/#primaryimage"},"thumbnailUrl":"https:\/\/www.brighigroup.com\/wp-content\/uploads\/2024\/06\/Nebula.jpg","datePublished":"2024-06-25T06:54:05+00:00","dateModified":"2024-09-05T09:09:49+00:00","description":"Software f\u00fcr ausf\u00fchrliche Berichte zur Entscheidungsfindung auf der Grundlage von Echtzeitdaten (Ausfallzeiten, OEE und Produktivit\u00e4t)","breadcrumb":{"@id":"https:\/\/www.brighigroup.com\/de\/maschine\/nebula\/#breadcrumb"},"inLanguage":"de","potentialAction":[{"@type":"ReadAction","target":["https:\/\/www.brighigroup.com\/de\/maschine\/nebula\/"]}]},{"@type":"ImageObject","inLanguage":"de","@id":"https:\/\/www.brighigroup.com\/de\/maschine\/nebula\/#primaryimage","url":"https:\/\/www.brighigroup.com\/wp-content\/uploads\/2024\/06\/Nebula.jpg","contentUrl":"https:\/\/www.brighigroup.com\/wp-content\/uploads\/2024\/06\/Nebula.jpg","width":1920,"height":1280},{"@type":"BreadcrumbList","@id":"https:\/\/www.brighigroup.com\/de\/maschine\/nebula\/#breadcrumb","itemListElement":[{"@type":"ListItem","position":1,"name":"Home","item":"https:\/\/www.brighigroup.com\/de\/home-2\/"},{"@type":"ListItem","position":2,"name":"Maschinen","item":"https:\/\/www.brighigroup.com\/de\/maschinen\/"},{"@type":"ListItem","position":3,"name":"NEBULA"}]},{"@type":"WebSite","@id":"https:\/\/www.brighigroup.com\/de\/#website","url":"https:\/\/www.brighigroup.com\/de\/","name":"Brighi Group","description":"Home textile e di prodotti imbottiti per il design d&#039;arredo tramandando l&#039;innovazione come cultura d&#039;impresa.","potentialAction":[{"@type":"SearchAction","target":{"@type":"EntryPoint","urlTemplate":"https:\/\/www.brighigroup.com\/de\/?s={search_term_string}"},"query-input":{"@type":"PropertyValueSpecification","valueRequired":true,"valueName":"search_term_string"}}],"inLanguage":"de"}]}},"_links":{"self":[{"href":"https:\/\/www.brighigroup.com\/de\/wp-json\/wp\/v2\/product\/12036","targetHints":{"allow":["GET"]}}],"collection":[{"href":"https:\/\/www.brighigroup.com\/de\/wp-json\/wp\/v2\/product"}],"about":[{"href":"https:\/\/www.brighigroup.com\/de\/wp-json\/wp\/v2\/types\/product"}],"wp:featuredmedia":[{"embeddable":true,"href":"https:\/\/www.brighigroup.com\/de\/wp-json\/wp\/v2\/media\/12058"}],"wp:attachment":[{"href":"https:\/\/www.brighigroup.com\/de\/wp-json\/wp\/v2\/media?parent=12036"}],"wp:term":[{"taxonomy":"product_cat","embeddable":true,"href":"https:\/\/www.brighigroup.com\/de\/wp-json\/wp\/v2\/product_cat?post=12036"},{"taxonomy":"product_tag","embeddable":true,"href":"https:\/\/www.brighigroup.com\/de\/wp-json\/wp\/v2\/product_tag?post=12036"}],"curies":[{"name":"wp","href":"https:\/\/api.w.org\/{rel}","templated":true}]}}