{"id":12031,"date":"2017-12-25T08:51:07","date_gmt":"2024-06-25T06:55:40","guid":{"rendered":"https:\/\/www.brighigroup.com\/?post_type=product&#038;p=12031"},"modified":"2024-09-05T11:06:28","modified_gmt":"2024-09-05T09:06:28","slug":"formula","status":"publish","type":"product","link":"https:\/\/www.brighigroup.com\/de\/maschine\/formula\/","title":{"rendered":"FORMULA"},"content":{"rendered":"<p>SOFTWARE ZUR OPTIMIERUNG VON SCHAUMFORMULIERUNGEN UND ZUR QUALIT\u00c4TSKONTROLLE<\/p>\n<p>&nbsp;<\/p>\n<p><strong>Was ist Formula?<\/strong><\/p>\n<p>Formula ist die Software zur Optimierung von Schaumrezepturen, die f\u00fcr <strong>h\u00f6chste Qualit\u00e4tsstandards in der Schaum- und Agglomeratschaumproduktion entwickelt wurde.<\/strong><\/p>\n<p><strong>\u00a0<\/strong><\/p>\n<p><strong>Wie funktioniert es?<\/strong><\/p>\n<p style=\"text-align: justify;\">Die Schaumstoffherstellung erfordert drei Komponenten: die Maschine, die chemischen Produkte und die Rezepturen. Das Erreichen von Pr\u00e4zision und Konsistenz bei der Schaumstoffherstellung kann eine Herausforderung sein, aber mit Formula wird dieser Prozess wissenschaftlich und zuverl\u00e4ssig. Mit Formula k\u00f6nnen <strong>Sie Schaumrezepturen direkt an der Maschine oder per Fernsteuerung optimieren und so sicherstellen,<\/strong> dass jede Charge den gew\u00fcnschten Spezifikationen entspricht. Um diesen Prozess noch effizienter zu gestalten, k\u00f6nnen die Parameter vom Kunden, vom Rohstofflieferanten oder von Brighi-Fachtechnikern eingestellt und ge\u00e4ndert werden.<\/p>\n<p style=\"text-align: justify;\">Die Sensortechnologie von Formula <strong>verfolgt und speichert wichtige Daten w\u00e4hrend des gesamten Produktionsprozesses<\/strong>. Diese Sensoren \u00fcberwachen Variablen wie Druck, Dichte, Geschwindigkeit, Temperatur und Gewichtstoleranz f\u00fcr jeden einzelnen produzierten Schaumstoffblock. Diese Echtzeit-Datenerfassung garantiert nicht nur eine qualitativ hochwertige Produktion, sondern liefert auch wertvolle Erkenntnisse f\u00fcr eine kontinuierliche Verbesserung. Durch die Analyse dieser Daten k\u00f6nnen die Bediener fundierte Entscheidungen zur Optimierung des Prozesses treffen und so eine optimale Leistung und minimalen Abfall sicherstellen.<\/p>\n<p><strong>Hauptmerkmale<\/strong><\/p>\n<ul>\n<li>Optimierung von Schaumformulierungen<\/li>\n<li>Verfolgen Sie Temperatur, Druck, Gewicht<\/li>\n<li>Sammeln von Daten zur Blockproduktion<\/li>\n<li>Sicherstellen der Konsistenz der Schaumdichte<\/li>\n<li>Daten mit Rohstofflieferanten teilen<\/li>\n<\/ul>\n<p><strong>Ist Formula die richtige Wahl f\u00fcr Sie?<\/strong><\/p>\n<p>Hier ist ein Schnelltest, um festzustellen, ob Formula die richtige Wahl f\u00fcr Sie ist<\/p>\n<p>M\u00fcssen Sie Formulierungen ohne Chemiker hinzuf\u00fcgen?<\/p>\n<p>Haben Sie Informationen zu einem bestimmten Block?<\/p>\n<p>K\u00f6nnen Sie die Produktqualit\u00e4t einfach verfolgen?<\/p>\n<p><a href=\"https:\/\/www.brighigroup.com\/de\/brighi-digital-de\/\">Besuchen Sie unsere digitale Seite und entdecken Sie all die innovative Software und L\u00f6sungen, die f\u00fcr Ihren Maschinenpark verf\u00fcgbar sind!<\/a><\/p>\n","protected":false},"excerpt":{"rendered":"<h6>Software zur Optimierung von Schaumformulierungen f\u00fcr eine hohe Qualit\u00e4tskontrolle<\/h6>\n","protected":false},"featured_media":12063,"template":"","meta":{"_acf_changed":false},"product_cat":[108],"product_tag":[329,318],"class_list":{"0":"post-12031","1":"product","2":"type-product","3":"status-publish","4":"has-post-thumbnail","6":"product_cat-management-software","7":"product_tag-produktionsabfall","8":"product_tag-schaum","10":"first","11":"instock","12":"shipping-taxable","13":"product-type-simple"},"acf":[],"yoast_head":"<!-- This site is optimized with the Yoast SEO plugin v24.2 - https:\/\/yoast.com\/wordpress\/plugins\/seo\/ -->\n<title>FORMULA - Brighi Group<\/title>\n<meta name=\"description\" content=\"Formula ist die Software zur Optimierung von Schaumformulierungen, die auf h\u00f6chste Qualit\u00e4tsstandards ausgelegt sind.\" \/>\n<meta name=\"robots\" content=\"index, follow, max-snippet:-1, max-image-preview:large, max-video-preview:-1\" \/>\n<link rel=\"canonical\" href=\"https:\/\/www.brighigroup.com\/de\/maschine\/formula\/\" \/>\n<meta property=\"og:locale\" content=\"de_DE\" \/>\n<meta property=\"og:type\" content=\"article\" \/>\n<meta property=\"og:title\" content=\"FORMULA - Brighi Group\" \/>\n<meta property=\"og:description\" content=\"Formula ist die Software zur Optimierung von Schaumformulierungen, die auf h\u00f6chste Qualit\u00e4tsstandards ausgelegt sind.\" \/>\n<meta property=\"og:url\" content=\"https:\/\/www.brighigroup.com\/de\/maschine\/formula\/\" \/>\n<meta property=\"og:site_name\" content=\"Brighi Group\" \/>\n<meta property=\"article:modified_time\" content=\"2024-09-05T09:06:28+00:00\" \/>\n<meta property=\"og:image\" content=\"https:\/\/www.brighigroup.com\/wp-content\/uploads\/2024\/06\/Formula-scaled.jpg\" \/>\n\t<meta property=\"og:image:width\" content=\"2560\" \/>\n\t<meta property=\"og:image:height\" content=\"1707\" \/>\n\t<meta property=\"og:image:type\" content=\"image\/jpeg\" \/>\n<meta name=\"twitter:card\" content=\"summary_large_image\" \/>\n<meta name=\"twitter:label1\" content=\"Gesch\u00e4tzte Lesezeit\" \/>\n\t<meta name=\"twitter:data1\" content=\"1\u00a0Minute\" \/>\n<script type=\"application\/ld+json\" class=\"yoast-schema-graph\">{\"@context\":\"https:\/\/schema.org\",\"@graph\":[{\"@type\":\"WebPage\",\"@id\":\"https:\/\/www.brighigroup.com\/de\/maschine\/formula\/\",\"url\":\"https:\/\/www.brighigroup.com\/de\/maschine\/formula\/\",\"name\":\"FORMULA - Brighi Group\",\"isPartOf\":{\"@id\":\"https:\/\/www.brighigroup.com\/de\/#website\"},\"primaryImageOfPage\":{\"@id\":\"https:\/\/www.brighigroup.com\/de\/maschine\/formula\/#primaryimage\"},\"image\":{\"@id\":\"https:\/\/www.brighigroup.com\/de\/maschine\/formula\/#primaryimage\"},\"thumbnailUrl\":\"https:\/\/www.brighigroup.com\/wp-content\/uploads\/2024\/06\/Formula-scaled.jpg\",\"datePublished\":\"2024-06-25T06:55:40+00:00\",\"dateModified\":\"2024-09-05T09:06:28+00:00\",\"description\":\"Formula ist die Software zur Optimierung von Schaumformulierungen, die auf h\u00f6chste Qualit\u00e4tsstandards ausgelegt sind.\",\"breadcrumb\":{\"@id\":\"https:\/\/www.brighigroup.com\/de\/maschine\/formula\/#breadcrumb\"},\"inLanguage\":\"de\",\"potentialAction\":[{\"@type\":\"ReadAction\",\"target\":[\"https:\/\/www.brighigroup.com\/de\/maschine\/formula\/\"]}]},{\"@type\":\"ImageObject\",\"inLanguage\":\"de\",\"@id\":\"https:\/\/www.brighigroup.com\/de\/maschine\/formula\/#primaryimage\",\"url\":\"https:\/\/www.brighigroup.com\/wp-content\/uploads\/2024\/06\/Formula-scaled.jpg\",\"contentUrl\":\"https:\/\/www.brighigroup.com\/wp-content\/uploads\/2024\/06\/Formula-scaled.jpg\",\"width\":2560,\"height\":1707},{\"@type\":\"BreadcrumbList\",\"@id\":\"https:\/\/www.brighigroup.com\/de\/maschine\/formula\/#breadcrumb\",\"itemListElement\":[{\"@type\":\"ListItem\",\"position\":1,\"name\":\"Home\",\"item\":\"https:\/\/www.brighigroup.com\/de\/home-2\/\"},{\"@type\":\"ListItem\",\"position\":2,\"name\":\"Maschinen\",\"item\":\"https:\/\/www.brighigroup.com\/de\/maschinen\/\"},{\"@type\":\"ListItem\",\"position\":3,\"name\":\"FORMULA\"}]},{\"@type\":\"WebSite\",\"@id\":\"https:\/\/www.brighigroup.com\/de\/#website\",\"url\":\"https:\/\/www.brighigroup.com\/de\/\",\"name\":\"Brighi Group\",\"description\":\"Home textile e di prodotti imbottiti per il design d&#039;arredo tramandando l&#039;innovazione come cultura d&#039;impresa.\",\"potentialAction\":[{\"@type\":\"SearchAction\",\"target\":{\"@type\":\"EntryPoint\",\"urlTemplate\":\"https:\/\/www.brighigroup.com\/de\/?s={search_term_string}\"},\"query-input\":{\"@type\":\"PropertyValueSpecification\",\"valueRequired\":true,\"valueName\":\"search_term_string\"}}],\"inLanguage\":\"de\"}]}<\/script>\n<!-- \/ Yoast SEO plugin. -->","yoast_head_json":{"title":"FORMULA - Brighi Group","description":"Formula ist die Software zur Optimierung von Schaumformulierungen, die auf h\u00f6chste Qualit\u00e4tsstandards ausgelegt sind.","robots":{"index":"index","follow":"follow","max-snippet":"max-snippet:-1","max-image-preview":"max-image-preview:large","max-video-preview":"max-video-preview:-1"},"canonical":"https:\/\/www.brighigroup.com\/de\/maschine\/formula\/","og_locale":"de_DE","og_type":"article","og_title":"FORMULA - Brighi Group","og_description":"Formula ist die Software zur Optimierung von Schaumformulierungen, die auf h\u00f6chste Qualit\u00e4tsstandards ausgelegt sind.","og_url":"https:\/\/www.brighigroup.com\/de\/maschine\/formula\/","og_site_name":"Brighi Group","article_modified_time":"2024-09-05T09:06:28+00:00","og_image":[{"width":2560,"height":1707,"url":"https:\/\/www.brighigroup.com\/wp-content\/uploads\/2024\/06\/Formula-scaled.jpg","type":"image\/jpeg"}],"twitter_card":"summary_large_image","twitter_misc":{"Gesch\u00e4tzte Lesezeit":"1\u00a0Minute"},"schema":{"@context":"https:\/\/schema.org","@graph":[{"@type":"WebPage","@id":"https:\/\/www.brighigroup.com\/de\/maschine\/formula\/","url":"https:\/\/www.brighigroup.com\/de\/maschine\/formula\/","name":"FORMULA - Brighi Group","isPartOf":{"@id":"https:\/\/www.brighigroup.com\/de\/#website"},"primaryImageOfPage":{"@id":"https:\/\/www.brighigroup.com\/de\/maschine\/formula\/#primaryimage"},"image":{"@id":"https:\/\/www.brighigroup.com\/de\/maschine\/formula\/#primaryimage"},"thumbnailUrl":"https:\/\/www.brighigroup.com\/wp-content\/uploads\/2024\/06\/Formula-scaled.jpg","datePublished":"2024-06-25T06:55:40+00:00","dateModified":"2024-09-05T09:06:28+00:00","description":"Formula ist die Software zur Optimierung von Schaumformulierungen, die auf h\u00f6chste Qualit\u00e4tsstandards ausgelegt sind.","breadcrumb":{"@id":"https:\/\/www.brighigroup.com\/de\/maschine\/formula\/#breadcrumb"},"inLanguage":"de","potentialAction":[{"@type":"ReadAction","target":["https:\/\/www.brighigroup.com\/de\/maschine\/formula\/"]}]},{"@type":"ImageObject","inLanguage":"de","@id":"https:\/\/www.brighigroup.com\/de\/maschine\/formula\/#primaryimage","url":"https:\/\/www.brighigroup.com\/wp-content\/uploads\/2024\/06\/Formula-scaled.jpg","contentUrl":"https:\/\/www.brighigroup.com\/wp-content\/uploads\/2024\/06\/Formula-scaled.jpg","width":2560,"height":1707},{"@type":"BreadcrumbList","@id":"https:\/\/www.brighigroup.com\/de\/maschine\/formula\/#breadcrumb","itemListElement":[{"@type":"ListItem","position":1,"name":"Home","item":"https:\/\/www.brighigroup.com\/de\/home-2\/"},{"@type":"ListItem","position":2,"name":"Maschinen","item":"https:\/\/www.brighigroup.com\/de\/maschinen\/"},{"@type":"ListItem","position":3,"name":"FORMULA"}]},{"@type":"WebSite","@id":"https:\/\/www.brighigroup.com\/de\/#website","url":"https:\/\/www.brighigroup.com\/de\/","name":"Brighi Group","description":"Home textile e di prodotti imbottiti per il design d&#039;arredo tramandando l&#039;innovazione come cultura d&#039;impresa.","potentialAction":[{"@type":"SearchAction","target":{"@type":"EntryPoint","urlTemplate":"https:\/\/www.brighigroup.com\/de\/?s={search_term_string}"},"query-input":{"@type":"PropertyValueSpecification","valueRequired":true,"valueName":"search_term_string"}}],"inLanguage":"de"}]}},"_links":{"self":[{"href":"https:\/\/www.brighigroup.com\/de\/wp-json\/wp\/v2\/product\/12031","targetHints":{"allow":["GET"]}}],"collection":[{"href":"https:\/\/www.brighigroup.com\/de\/wp-json\/wp\/v2\/product"}],"about":[{"href":"https:\/\/www.brighigroup.com\/de\/wp-json\/wp\/v2\/types\/product"}],"wp:featuredmedia":[{"embeddable":true,"href":"https:\/\/www.brighigroup.com\/de\/wp-json\/wp\/v2\/media\/12063"}],"wp:attachment":[{"href":"https:\/\/www.brighigroup.com\/de\/wp-json\/wp\/v2\/media?parent=12031"}],"wp:term":[{"taxonomy":"product_cat","embeddable":true,"href":"https:\/\/www.brighigroup.com\/de\/wp-json\/wp\/v2\/product_cat?post=12031"},{"taxonomy":"product_tag","embeddable":true,"href":"https:\/\/www.brighigroup.com\/de\/wp-json\/wp\/v2\/product_tag?post=12031"}],"curies":[{"name":"wp","href":"https:\/\/api.w.org\/{rel}","templated":true}]}}