{"id":12131,"date":"2024-06-25T10:35:05","date_gmt":"2024-06-25T08:35:05","guid":{"rendered":"https:\/\/www.brighigroup.com\/loesungen\/"},"modified":"2024-07-09T09:40:39","modified_gmt":"2024-07-09T07:40:39","slug":"loesungen","status":"publish","type":"page","link":"https:\/\/www.brighigroup.com\/de\/loesungen\/","title":{"rendered":"L\u00f6sungen"},"content":{"rendered":"\t\t<div data-elementor-type=\"wp-page\" data-elementor-id=\"12131\" class=\"elementor elementor-12131 elementor-12066\" data-elementor-post-type=\"page\">\n\t\t\t\t\t\t<section class=\"elementor-section elementor-top-section elementor-element elementor-element-f4e22d4 elementor-section-boxed elementor-section-height-default elementor-section-height-default\" data-id=\"f4e22d4\" data-element_type=\"section\">\n\t\t\t\t\t\t<div class=\"elementor-container elementor-column-gap-default\">\n\t\t\t\t\t<div class=\"elementor-column elementor-col-100 elementor-top-column elementor-element elementor-element-30efeb5\" data-id=\"30efeb5\" data-element_type=\"column\">\n\t\t\t<div class=\"elementor-widget-wrap elementor-element-populated\">\n\t\t\t\t\t\t<div class=\"elementor-element elementor-element-f5086b4 elementor-widget elementor-widget-heading\" data-id=\"f5086b4\" data-element_type=\"widget\" data-widget_type=\"heading.default\">\n\t\t\t\t<div class=\"elementor-widget-container\">\n\t\t\t\t\t<h1 class=\"elementor-heading-title elementor-size-default\">L\u00d6SUNGEN F\u00dcR DIE PRODUKTION VON HEIMTEXTILIEN, BETTWAREN UND SCHAUMSTOFF<\/h1>\t\t\t\t<\/div>\n\t\t\t\t<\/div>\n\t\t\t\t<div class=\"elementor-element elementor-element-e76aae6 elementor-widget elementor-widget-heading\" data-id=\"e76aae6\" data-element_type=\"widget\" data-widget_type=\"heading.default\">\n\t\t\t\t<div class=\"elementor-widget-container\">\n\t\t\t\t\t<h2 class=\"elementor-heading-title elementor-size-default\">Alle L\u00f6sungen, die zur Automatisierung und Rationalisierung der Produktion von Schaumstoff und Kissen entwickelt wurden. <\/h2>\t\t\t\t<\/div>\n\t\t\t\t<\/div>\n\t\t\t\t<div class=\"elementor-element elementor-element-f1ef5fb elementor-widget-divider--view-line elementor-widget elementor-widget-divider\" data-id=\"f1ef5fb\" data-element_type=\"widget\" data-widget_type=\"divider.default\">\n\t\t\t\t<div class=\"elementor-widget-container\">\n\t\t\t\t\t\t\t<div class=\"elementor-divider\">\n\t\t\t<span class=\"elementor-divider-separator\">\n\t\t\t\t\t\t<\/span>\n\t\t<\/div>\n\t\t\t\t\t\t<\/div>\n\t\t\t\t<\/div>\n\t\t\t\t<div class=\"elementor-element elementor-element-a5a83e2 elementor-widget elementor-widget-text-editor\" data-id=\"a5a83e2\" data-element_type=\"widget\" data-widget_type=\"text-editor.default\">\n\t\t\t\t<div class=\"elementor-widget-container\">\n\t\t\t\t\t\t\t\t\t<p>Unsere Schaumstoffmaschinen bieten einen Rundum-Service: von der individuellen, serienm\u00e4\u00dfigen Herstellung von Schaumstoffbl\u00f6cken bis hin zu deren Recycling durch Zerkleinerung und anschlie\u00dfender Herstellung von Agglomerat. Ziel ist es, im ersten Fall ein innovatives und preiswerteres F\u00fcllmaterial (z. B. geschredderter Schaumstoff und Spaghetti) und im zweiten Fall eine umweltfreundliche Alternative zu neuen Schaumstoffbl\u00f6cken zu erhalten, die ebenso haltbar ist.<\/p>\n<p>Was die Kissenlinie betrifft, so bieten unsere Technologien einen optimierten Produktionsprozess, der die Verarbeitung des Rohmaterials, die F\u00fcllung, das N\u00e4hen, die Herstellung des Bezugs und die Verpackung f\u00fcr eine breite Palette von Kissen und Polstern umfasst. Jeder Prozess kann vollautomatisch oder mit manuellen Technologien durchgef\u00fchrt werden, je nach den Bed\u00fcrfnissen des Kunden, da die Modularit\u00e4t der Maschinen die Implementierung der Linie im Laufe der Zeit erm\u00f6glicht.<\/p>\n\t\t\t\t\t\t\t\t<\/div>\n\t\t\t\t<\/div>\n\t\t\t\t\t<\/div>\n\t\t<\/div>\n\t\t\t\t\t<\/div>\n\t\t<\/section>\n\t\t\t\t<section class=\"elementor-section elementor-top-section elementor-element elementor-element-292f8c4 elementor-section-boxed elementor-section-height-default elementor-section-height-default\" data-id=\"292f8c4\" data-element_type=\"section\">\n\t\t\t\t\t\t<div class=\"elementor-container elementor-column-gap-default\">\n\t\t\t\t\t<div class=\"elementor-column elementor-col-100 elementor-top-column elementor-element elementor-element-26cba07\" data-id=\"26cba07\" data-element_type=\"column\">\n\t\t\t<div class=\"elementor-widget-wrap elementor-element-populated\">\n\t\t\t\t\t\t<div class=\"elementor-element elementor-element-0d84ba7 elementor-grid-2 elementor-grid-tablet-2 elementor-grid-mobile-1 elementor-widget elementor-widget-loop-grid\" data-id=\"0d84ba7\" data-element_type=\"widget\" data-settings=\"{&quot;template_id&quot;:17764,&quot;columns&quot;:2,&quot;_skin&quot;:&quot;post&quot;,&quot;columns_tablet&quot;:&quot;2&quot;,&quot;columns_mobile&quot;:&quot;1&quot;,&quot;edit_handle_selector&quot;:&quot;[data-elementor-type=\\&quot;loop-item\\&quot;]&quot;,&quot;row_gap&quot;:{&quot;unit&quot;:&quot;px&quot;,&quot;size&quot;:&quot;&quot;,&quot;sizes&quot;:[]},&quot;row_gap_tablet&quot;:{&quot;unit&quot;:&quot;px&quot;,&quot;size&quot;:&quot;&quot;,&quot;sizes&quot;:[]},&quot;row_gap_mobile&quot;:{&quot;unit&quot;:&quot;px&quot;,&quot;size&quot;:&quot;&quot;,&quot;sizes&quot;:[]}}\" data-widget_type=\"loop-grid.post\">\n\t\t\t\t<div class=\"elementor-widget-container\">\n\t\t\t\t\t\t\t<div class=\"e-loop-nothing-found-message\">\n\t\t<\/div>\n\t\t\t\t\t\t<\/div>\n\t\t\t\t<\/div>\n\t\t\t\t\t<\/div>\n\t\t<\/div>\n\t\t\t\t\t<\/div>\n\t\t<\/section>\n\t\t\t\t<section class=\"elementor-section elementor-top-section elementor-element elementor-element-1c4b0b4 elementor-section-boxed elementor-section-height-default elementor-section-height-default\" data-id=\"1c4b0b4\" data-element_type=\"section\">\n\t\t\t\t\t\t<div class=\"elementor-container elementor-column-gap-default\">\n\t\t\t\t\t<div class=\"elementor-column elementor-col-100 elementor-top-column elementor-element elementor-element-f670d27\" data-id=\"f670d27\" data-element_type=\"column\">\n\t\t\t<div class=\"elementor-widget-wrap\">\n\t\t\t\t\t\t\t<\/div>\n\t\t<\/div>\n\t\t\t\t\t<\/div>\n\t\t<\/section>\n\t\t\t\t<\/div>\n\t\t","protected":false},"excerpt":{"rendered":"<p>L\u00d6SUNGEN F\u00dcR DIE PRODUKTION VON HEIMTEXTILIEN, BETTWAREN UND SCHAUMSTOFF Alle L\u00f6sungen, die zur Automatisierung und Rationalisierung der Produktion von Schaumstoff und Kissen entwickelt wurden. Unsere Schaumstoffmaschinen bieten einen Rundum-Service: von der individuellen, serienm\u00e4\u00dfigen Herstellung von Schaumstoffbl\u00f6cken bis hin zu deren Recycling durch Zerkleinerung und anschlie\u00dfender Herstellung von Agglomerat. Ziel ist es, im ersten Fall ein [&hellip;]<\/p>\n","protected":false},"author":1,"featured_media":0,"parent":0,"menu_order":0,"comment_status":"closed","ping_status":"closed","template":"","meta":{"_acf_changed":false,"footnotes":""},"class_list":["post-12131","page","type-page","status-publish","hentry"],"acf":[],"yoast_head":"<!-- This site is optimized with the Yoast SEO plugin v24.2 - https:\/\/yoast.com\/wordpress\/plugins\/seo\/ -->\n<title>L\u00f6sungen - Brighi Group<\/title>\n<meta name=\"robots\" content=\"index, follow, max-snippet:-1, max-image-preview:large, max-video-preview:-1\" \/>\n<link rel=\"canonical\" href=\"https:\/\/www.brighigroup.com\/de\/loesungen\/\" \/>\n<meta property=\"og:locale\" content=\"de_DE\" \/>\n<meta property=\"og:type\" content=\"article\" \/>\n<meta property=\"og:title\" content=\"L\u00f6sungen - Brighi Group\" \/>\n<meta property=\"og:description\" content=\"L\u00d6SUNGEN F\u00dcR DIE PRODUKTION VON HEIMTEXTILIEN, BETTWAREN UND SCHAUMSTOFF Alle L\u00f6sungen, die zur Automatisierung und Rationalisierung der Produktion von Schaumstoff und Kissen entwickelt wurden. Unsere Schaumstoffmaschinen bieten einen Rundum-Service: von der individuellen, serienm\u00e4\u00dfigen Herstellung von Schaumstoffbl\u00f6cken bis hin zu deren Recycling durch Zerkleinerung und anschlie\u00dfender Herstellung von Agglomerat. Ziel ist es, im ersten Fall ein [&hellip;]\" \/>\n<meta property=\"og:url\" content=\"https:\/\/www.brighigroup.com\/de\/loesungen\/\" \/>\n<meta property=\"og:site_name\" content=\"Brighi Group\" \/>\n<meta property=\"article:modified_time\" content=\"2024-07-09T07:40:39+00:00\" \/>\n<meta name=\"twitter:card\" content=\"summary_large_image\" \/>\n<meta name=\"twitter:label1\" content=\"Gesch\u00e4tzte Lesezeit\" \/>\n\t<meta name=\"twitter:data1\" content=\"1\u00a0Minute\" \/>\n<script type=\"application\/ld+json\" class=\"yoast-schema-graph\">{\"@context\":\"https:\/\/schema.org\",\"@graph\":[{\"@type\":\"WebPage\",\"@id\":\"https:\/\/www.brighigroup.com\/de\/loesungen\/\",\"url\":\"https:\/\/www.brighigroup.com\/de\/loesungen\/\",\"name\":\"L\u00f6sungen - Brighi Group\",\"isPartOf\":{\"@id\":\"https:\/\/www.brighigroup.com\/de\/#website\"},\"datePublished\":\"2024-06-25T08:35:05+00:00\",\"dateModified\":\"2024-07-09T07:40:39+00:00\",\"breadcrumb\":{\"@id\":\"https:\/\/www.brighigroup.com\/de\/loesungen\/#breadcrumb\"},\"inLanguage\":\"de\",\"potentialAction\":[{\"@type\":\"ReadAction\",\"target\":[\"https:\/\/www.brighigroup.com\/de\/loesungen\/\"]}]},{\"@type\":\"BreadcrumbList\",\"@id\":\"https:\/\/www.brighigroup.com\/de\/loesungen\/#breadcrumb\",\"itemListElement\":[{\"@type\":\"ListItem\",\"position\":1,\"name\":\"Home\",\"item\":\"https:\/\/www.brighigroup.com\/de\/home-2\/\"},{\"@type\":\"ListItem\",\"position\":2,\"name\":\"L\u00f6sungen\"}]},{\"@type\":\"WebSite\",\"@id\":\"https:\/\/www.brighigroup.com\/de\/#website\",\"url\":\"https:\/\/www.brighigroup.com\/de\/\",\"name\":\"Brighi Group\",\"description\":\"Home textile e di prodotti imbottiti per il design d&#039;arredo tramandando l&#039;innovazione come cultura d&#039;impresa.\",\"potentialAction\":[{\"@type\":\"SearchAction\",\"target\":{\"@type\":\"EntryPoint\",\"urlTemplate\":\"https:\/\/www.brighigroup.com\/de\/?s={search_term_string}\"},\"query-input\":{\"@type\":\"PropertyValueSpecification\",\"valueRequired\":true,\"valueName\":\"search_term_string\"}}],\"inLanguage\":\"de\"}]}<\/script>\n<!-- \/ Yoast SEO plugin. -->","yoast_head_json":{"title":"L\u00f6sungen - Brighi Group","robots":{"index":"index","follow":"follow","max-snippet":"max-snippet:-1","max-image-preview":"max-image-preview:large","max-video-preview":"max-video-preview:-1"},"canonical":"https:\/\/www.brighigroup.com\/de\/loesungen\/","og_locale":"de_DE","og_type":"article","og_title":"L\u00f6sungen - Brighi Group","og_description":"L\u00d6SUNGEN F\u00dcR DIE PRODUKTION VON HEIMTEXTILIEN, BETTWAREN UND SCHAUMSTOFF Alle L\u00f6sungen, die zur Automatisierung und Rationalisierung der Produktion von Schaumstoff und Kissen entwickelt wurden. Unsere Schaumstoffmaschinen bieten einen Rundum-Service: von der individuellen, serienm\u00e4\u00dfigen Herstellung von Schaumstoffbl\u00f6cken bis hin zu deren Recycling durch Zerkleinerung und anschlie\u00dfender Herstellung von Agglomerat. Ziel ist es, im ersten Fall ein [&hellip;]","og_url":"https:\/\/www.brighigroup.com\/de\/loesungen\/","og_site_name":"Brighi Group","article_modified_time":"2024-07-09T07:40:39+00:00","twitter_card":"summary_large_image","twitter_misc":{"Gesch\u00e4tzte Lesezeit":"1\u00a0Minute"},"schema":{"@context":"https:\/\/schema.org","@graph":[{"@type":"WebPage","@id":"https:\/\/www.brighigroup.com\/de\/loesungen\/","url":"https:\/\/www.brighigroup.com\/de\/loesungen\/","name":"L\u00f6sungen - Brighi Group","isPartOf":{"@id":"https:\/\/www.brighigroup.com\/de\/#website"},"datePublished":"2024-06-25T08:35:05+00:00","dateModified":"2024-07-09T07:40:39+00:00","breadcrumb":{"@id":"https:\/\/www.brighigroup.com\/de\/loesungen\/#breadcrumb"},"inLanguage":"de","potentialAction":[{"@type":"ReadAction","target":["https:\/\/www.brighigroup.com\/de\/loesungen\/"]}]},{"@type":"BreadcrumbList","@id":"https:\/\/www.brighigroup.com\/de\/loesungen\/#breadcrumb","itemListElement":[{"@type":"ListItem","position":1,"name":"Home","item":"https:\/\/www.brighigroup.com\/de\/home-2\/"},{"@type":"ListItem","position":2,"name":"L\u00f6sungen"}]},{"@type":"WebSite","@id":"https:\/\/www.brighigroup.com\/de\/#website","url":"https:\/\/www.brighigroup.com\/de\/","name":"Brighi Group","description":"Home textile e di prodotti imbottiti per il design d&#039;arredo tramandando l&#039;innovazione come cultura d&#039;impresa.","potentialAction":[{"@type":"SearchAction","target":{"@type":"EntryPoint","urlTemplate":"https:\/\/www.brighigroup.com\/de\/?s={search_term_string}"},"query-input":{"@type":"PropertyValueSpecification","valueRequired":true,"valueName":"search_term_string"}}],"inLanguage":"de"}]}},"_links":{"self":[{"href":"https:\/\/www.brighigroup.com\/de\/wp-json\/wp\/v2\/pages\/12131","targetHints":{"allow":["GET"]}}],"collection":[{"href":"https:\/\/www.brighigroup.com\/de\/wp-json\/wp\/v2\/pages"}],"about":[{"href":"https:\/\/www.brighigroup.com\/de\/wp-json\/wp\/v2\/types\/page"}],"author":[{"embeddable":true,"href":"https:\/\/www.brighigroup.com\/de\/wp-json\/wp\/v2\/users\/1"}],"replies":[{"embeddable":true,"href":"https:\/\/www.brighigroup.com\/de\/wp-json\/wp\/v2\/comments?post=12131"}],"version-history":[{"count":3,"href":"https:\/\/www.brighigroup.com\/de\/wp-json\/wp\/v2\/pages\/12131\/revisions"}],"predecessor-version":[{"id":12397,"href":"https:\/\/www.brighigroup.com\/de\/wp-json\/wp\/v2\/pages\/12131\/revisions\/12397"}],"wp:attachment":[{"href":"https:\/\/www.brighigroup.com\/de\/wp-json\/wp\/v2\/media?parent=12131"}],"curies":[{"name":"wp","href":"https:\/\/api.w.org\/{rel}","templated":true}]}}